{"id":754,"date":"2018-06-28T01:54:12","date_gmt":"2018-06-28T04:54:12","guid":{"rendered":"https:\/\/elmayor-sgo.infd.edu.ar\/sitio\/plan-de-estudios\/"},"modified":"2022-10-05T10:59:43","modified_gmt":"2022-10-05T13:59:43","slug":"plan-de-estudios","status":"publish","type":"page","link":"https:\/\/elmayor-sgo.infd.edu.ar\/sitio\/plan-de-estudios\/","title":{"rendered":"Plan de estudios"},"content":{"rendered":"<p><span style=\"color: #cc6600; font-family: Arial; font-size: medium;\"><strong>\u00a0<\/strong><\/span><\/p>\n<p style=\"text-align: center;\"><strong>INSTITUTO SUPERIOR SANTIAGO EL MAYOR<\/strong><\/p>\n<p style=\"text-align: center;\"><strong>Profesorado de Educaci\u00f3n Secundaria en Filosof\u00eda<\/strong><\/p>\n<p style=\"text-align: center;\"><strong>Plan aprobado por Res. Min. 2272\/14<\/strong><\/p>\n<table width=\"609\">\n<tbody>\n<tr>\n<td colspan=\"2\" width=\"231\"><strong>PRIMER A\u00d1O<\/strong><\/td>\n<td width=\"47\">\n<p style=\"text-align: center;\"><b>Carga\u00a0<\/b><strong>Horaria<\/strong><\/p>\n<\/td>\n<td style=\"text-align: center;\" width=\"57\"><strong>Per\u00edodo\u00a0<\/strong><strong> de cursado<\/strong><\/td>\n<td style=\"text-align: center;\" width=\"76\"><strong>Campo de Formaci\u00f3n<\/strong><\/td>\n<td width=\"57\">\n<p style=\"text-align: center;\"><strong>Tipo de Unidad<\/strong><\/p>\n<\/td>\n<td width=\"142\">\n<p style=\"text-align: center;\"><strong>DOCENTE A CARGO<\/strong><\/p>\n<\/td>\n<\/tr>\n<tr>\n<td width=\"23\">1<\/td>\n<td width=\"209\">Pedagog\u00eda<\/td>\n<td width=\"47\">6<\/td>\n<td width=\"57\">1\u00b0 C<\/td>\n<td width=\"76\">General<\/td>\n<td width=\"57\">Materia<\/td>\n<td width=\"142\">Prof. Isabel Vel\u00e1zquez<\/td>\n<\/tr>\n<tr>\n<td width=\"23\">2<\/td>\n<td width=\"209\">Psicolog\u00eda Educacional<\/td>\n<td width=\"47\">6<\/td>\n<td width=\"57\">2\u00b0 C<\/td>\n<td width=\"76\">General<\/td>\n<td width=\"57\">Materia<\/td>\n<td width=\"142\">Prof. Isabel Vel\u00e1zquez<\/td>\n<\/tr>\n<tr>\n<td width=\"23\">3<\/td>\n<td width=\"209\">Alfabetizaci\u00f3n Acad\u00e9mica<\/td>\n<td width=\"47\">3<\/td>\n<td width=\"57\">Anual<\/td>\n<td width=\"76\">General<\/td>\n<td width=\"57\">Taller<\/td>\n<td width=\"142\">Prof. Ayel\u00e9n Sayago<\/td>\n<\/tr>\n<tr>\n<td width=\"23\">4<\/td>\n<td width=\"209\">Historia argentina y latinoamericana<\/td>\n<td width=\"47\">4<\/td>\n<td width=\"57\">1\u00b0 C<\/td>\n<td width=\"76\">General<\/td>\n<td width=\"57\">Materia<\/td>\n<td width=\"142\">Mg. Daniel Loturco<\/td>\n<\/tr>\n<tr>\n<td width=\"23\">5<\/td>\n<td width=\"209\">Historia de la educaci\u00f3n y pol\u00edtica educacional argentina<\/td>\n<td width=\"47\">4<\/td>\n<td width=\"57\">2\u00b0 C<\/td>\n<td width=\"76\">General<\/td>\n<td width=\"57\">Materia<\/td>\n<td width=\"142\">Mg. Daniel Loturco<\/td>\n<\/tr>\n<tr>\n<td width=\"23\">6<\/td>\n<td width=\"209\">Sociolog\u00eda de la educaci\u00f3n<\/td>\n<td width=\"47\">4<\/td>\n<td width=\"57\">1\u00b0 C<\/td>\n<td width=\"76\">General<\/td>\n<td width=\"57\">Materia<\/td>\n<td width=\"142\">Mg. Daniel Loturco<\/td>\n<\/tr>\n<tr>\n<td width=\"23\">7<\/td>\n<td width=\"209\">Pr\u00e1ctica I: La Instituci\u00f3n Educativa<\/td>\n<td width=\"47\">4<\/td>\n<td width=\"57\">Anual<\/td>\n<td width=\"76\">En la PProf<\/td>\n<td width=\"57\">Sem. Tall<\/td>\n<td width=\"142\">Mg. Mar\u00eda Rosa Saad<\/td>\n<\/tr>\n<tr>\n<td width=\"23\">8<\/td>\n<td width=\"209\">Historia de la Filosof\u00eda Antigua<\/td>\n<td width=\"47\">4<\/td>\n<td width=\"57\">Anual<\/td>\n<td width=\"76\">Espec\u00edfica<\/td>\n<td width=\"57\">Materia<\/td>\n<td width=\"142\">Prof. Pablo Vargas<\/td>\n<\/tr>\n<tr>\n<td width=\"23\">9<\/td>\n<td width=\"209\">Introducci\u00f3n a la Filosof\u00eda<\/td>\n<td width=\"47\">4<\/td>\n<td width=\"57\">Anual<\/td>\n<td width=\"76\">Espec\u00edfica<\/td>\n<td width=\"57\">Materia<\/td>\n<td width=\"142\">Prof. Daniela Yapur<\/td>\n<\/tr>\n<tr>\n<td width=\"23\">10<\/td>\n<td width=\"209\">L\u00f3gica y argumentaci\u00f3n<\/td>\n<td width=\"47\">4<\/td>\n<td width=\"57\">Anual<\/td>\n<td width=\"76\">Espec\u00edfica<\/td>\n<td width=\"57\">Sem. Tall<\/td>\n<td width=\"142\">Lic. Mariano Su\u00e1rez Burgos<\/td>\n<\/tr>\n<tr>\n<td colspan=\"2\" width=\"231\"><strong>SEGUNDO A\u00d1O<\/strong><\/td>\n<td width=\"47\"><\/td>\n<td width=\"57\"><\/td>\n<td width=\"76\"><\/td>\n<td width=\"57\"><\/td>\n<td width=\"142\"><\/td>\n<\/tr>\n<tr>\n<td width=\"23\">11<\/td>\n<td width=\"209\">Epistemolog\u00eda e Historia de las Ciencias<\/td>\n<td width=\"47\">4<\/td>\n<td width=\"57\">1\u00ba C<\/td>\n<td width=\"76\">General<\/td>\n<td width=\"57\">Materia<\/td>\n<td width=\"142\">Lic. Mariano Su\u00e1rez Burgos<\/td>\n<\/tr>\n<tr>\n<td width=\"23\">12<\/td>\n<td width=\"209\">Tecnolog\u00eda de la Informaci\u00f3n y la Comunicaci\u00f3n<\/td>\n<td width=\"47\">4<\/td>\n<td width=\"57\">2\u00ba C<\/td>\n<td width=\"76\">General<\/td>\n<td width=\"57\">Sem. Tall<\/td>\n<td width=\"142\">Lic. Javier Costa<\/td>\n<\/tr>\n<tr>\n<td width=\"23\">13<\/td>\n<td width=\"209\">Did\u00e1ctica General<\/td>\n<td width=\"47\">4<\/td>\n<td width=\"57\">Anual<\/td>\n<td width=\"76\">General<\/td>\n<td width=\"57\">Materia<\/td>\n<td width=\"142\">Mg. Mar\u00eda Rosa Saad<\/td>\n<\/tr>\n<tr>\n<td width=\"23\">14<\/td>\n<td width=\"209\">Pr\u00e1ctica II: Curriculum, sujetos y contextos<\/td>\n<td width=\"47\">4<\/td>\n<td width=\"57\">Anual<\/td>\n<td width=\"76\">En la PProf<\/td>\n<td width=\"57\">Sem. Tall<\/td>\n<td width=\"142\">Prof. Pablo Vargas<\/td>\n<\/tr>\n<tr>\n<td width=\"23\">15<\/td>\n<td width=\"209\">Sujeto de la Educaci\u00f3n Secundaria<\/td>\n<td width=\"47\">4<\/td>\n<td width=\"57\">Anual<\/td>\n<td width=\"76\">Espec\u00edfica<\/td>\n<td width=\"57\">Materia<\/td>\n<td width=\"142\">Lic. Daniela Missio<\/td>\n<\/tr>\n<tr>\n<td width=\"23\">16<\/td>\n<td width=\"209\">Antropolog\u00eda Filos\u00f3fica<\/td>\n<td width=\"47\">4<\/td>\n<td width=\"57\">Anual<\/td>\n<td width=\"76\">Espec\u00edfica<\/td>\n<td width=\"57\">Materia<\/td>\n<td width=\"142\">Mg. Susana Alonso<\/td>\n<\/tr>\n<tr>\n<td width=\"23\">17<\/td>\n<td width=\"209\">Historia de la Filosof\u00eda Medieval<\/td>\n<td width=\"47\">4<\/td>\n<td width=\"57\">Anual<\/td>\n<td width=\"76\">Espec\u00edfica<\/td>\n<td width=\"57\">Materia<\/td>\n<td width=\"142\">Lic. Mariano Su\u00e1rez Burgos<\/td>\n<\/tr>\n<tr>\n<td width=\"23\">18<\/td>\n<td width=\"209\">\u00c9tica<\/td>\n<td width=\"47\">4<\/td>\n<td width=\"57\">Anual<\/td>\n<td width=\"76\">Espec\u00edfica<\/td>\n<td width=\"57\">Seminario<\/td>\n<td width=\"142\">Prof. Pablo Vargas<\/td>\n<\/tr>\n<tr>\n<td width=\"23\">19<\/td>\n<td width=\"209\">Teor\u00eda del conocimiento<\/td>\n<td width=\"47\">4<\/td>\n<td width=\"57\">Anual<\/td>\n<td width=\"76\">Espec\u00edfica<\/td>\n<td width=\"57\">Materia<\/td>\n<td width=\"142\">Lic. Mariano Su\u00e1rez Burgos<\/td>\n<\/tr>\n<tr>\n<td colspan=\"2\" width=\"231\"><strong>TERCER A\u00d1O<\/strong><\/td>\n<td width=\"47\"><\/td>\n<td width=\"57\"><\/td>\n<td width=\"76\"><\/td>\n<td width=\"57\"><\/td>\n<td width=\"142\"><\/td>\n<\/tr>\n<tr>\n<td width=\"23\">20<\/td>\n<td width=\"209\">Filosof\u00eda de la Educaci\u00f3n<\/td>\n<td width=\"47\">4<\/td>\n<td width=\"57\">1\u00ba C<\/td>\n<td width=\"76\">General<\/td>\n<td width=\"57\">Materia<\/td>\n<td width=\"142\">Prof. Rosario Cosci<\/td>\n<\/tr>\n<tr>\n<td width=\"23\">21<\/td>\n<td width=\"209\">Formaci\u00f3n \u00c9tica y Ciudadana<\/td>\n<td width=\"47\">4<\/td>\n<td width=\"57\">2\u00b0 C<\/td>\n<td width=\"76\">General<\/td>\n<td width=\"57\">Materia<\/td>\n<td width=\"142\">Mg. Daniel Loturco<\/td>\n<\/tr>\n<tr>\n<td width=\"23\">22<\/td>\n<td width=\"209\">Pr\u00e1ctica III: Programaci\u00f3n Did\u00e1ctica y gesti\u00f3n de micro \u2013 experiencias de ense\u00f1anza<\/td>\n<td width=\"47\">6<\/td>\n<td width=\"57\">Anual<\/td>\n<td width=\"76\">En la Pr\u00e1ctica Profesional<\/td>\n<td width=\"57\">Taller de<\/p>\n<p>Acci\u00f3n \u2013 Reflexi\u00f3n<\/td>\n<td width=\"142\">Prof. Daniela Yapur<\/td>\n<\/tr>\n<tr>\n<td width=\"23\">23<\/td>\n<td width=\"209\">Did\u00e1ctica de la Filosof\u00eda<\/td>\n<td width=\"47\">6<\/td>\n<td width=\"57\">Anual<\/td>\n<td width=\"76\">Espec\u00edfica<\/td>\n<td width=\"57\">Materia<\/td>\n<td width=\"142\">Prof. Natalia Corval\u00e1n<\/td>\n<\/tr>\n<tr>\n<td width=\"23\">24<\/td>\n<td width=\"209\">Filosof\u00eda del Lenguaje<\/td>\n<td width=\"47\">4<\/td>\n<td width=\"57\">1\u00baC<\/td>\n<td width=\"76\">Espec\u00edfica<\/td>\n<td width=\"57\">Materia<\/td>\n<td width=\"142\">Prof. Rosario Cosci<\/td>\n<\/tr>\n<tr>\n<td width=\"23\">25<\/td>\n<td width=\"209\">Filosof\u00eda Pr\u00e1ctica<\/td>\n<td width=\"47\">4<\/td>\n<td width=\"57\">2\u00ba C<\/td>\n<td width=\"76\">Espec\u00edfica<\/td>\n<td width=\"57\">Taller<\/td>\n<td width=\"142\">Prof. Rosario Cosci<\/td>\n<\/tr>\n<tr>\n<td width=\"23\">26<\/td>\n<td width=\"209\">Historia de la Filosof\u00eda Moderna<\/td>\n<td width=\"47\">4<\/td>\n<td width=\"57\">Anual<\/td>\n<td width=\"76\">Espec\u00edfica<\/td>\n<td width=\"57\">Materia<\/td>\n<td width=\"142\">Mg. Susana Alonso<\/td>\n<\/tr>\n<tr>\n<td width=\"23\">27<\/td>\n<td width=\"209\">Filosof\u00eda Social y DDHH<\/td>\n<td width=\"47\">4<\/td>\n<td width=\"57\">1\u00baC<\/td>\n<td width=\"76\">Espec\u00edfica<\/td>\n<td width=\"57\">Materia<\/td>\n<td width=\"142\">Lic. Mariano Su\u00e1rez Burgos<\/td>\n<\/tr>\n<tr>\n<td width=\"23\">28<\/td>\n<td width=\"209\">Filosof\u00eda y arte<\/td>\n<td width=\"47\">4<\/td>\n<td width=\"57\">2\u00baC<\/td>\n<td width=\"76\">Espec\u00edfica<\/td>\n<td width=\"57\">Taller<\/td>\n<td width=\"142\">Prof. Rosario Cosci<\/td>\n<\/tr>\n<tr>\n<td width=\"23\">29<\/td>\n<td width=\"209\">EDI\u00a0Di\u00e1logo, Fe y Cultura 1<\/td>\n<td width=\"47\">4<\/td>\n<td width=\"57\">1\u00baC<\/td>\n<td width=\"76\">Def. Inst.<\/td>\n<td width=\"57\"><\/td>\n<td width=\"142\">Pbro. Lic. Juli\u00e1n Cueva<\/td>\n<\/tr>\n<tr>\n<td width=\"23\">30<\/td>\n<td width=\"209\">EDI Di\u00e1logo, Fe y Cultura 2<\/td>\n<td width=\"47\">4<\/td>\n<td width=\"57\">2\u00baC<\/td>\n<td width=\"76\">Def. Inst.<\/td>\n<td width=\"57\"><\/td>\n<td width=\"142\">Pbro. Lic. Juli\u00e1n Cueva<\/td>\n<\/tr>\n<tr>\n<td colspan=\"2\" width=\"231\"><strong>CUARTO A\u00d1O<\/strong><\/td>\n<td width=\"47\"><\/td>\n<td width=\"57\"><\/td>\n<td width=\"76\"><\/td>\n<td width=\"57\"><\/td>\n<td width=\"142\"><\/td>\n<\/tr>\n<tr>\n<td width=\"23\">31<\/td>\n<td width=\"209\">Educaci\u00f3n Sexual Integral<\/td>\n<td width=\"47\">4<\/td>\n<td width=\"57\">1\u00b0\u00a0 C<\/td>\n<td width=\"76\">General<\/td>\n<td width=\"57\">Sem. Tall<\/td>\n<td width=\"142\">Prof. Mar\u00eda Eugenia Villalba<\/td>\n<\/tr>\n<tr>\n<td width=\"23\">32<\/td>\n<td width=\"209\">Pol\u00edtica y ciudadan\u00eda<\/td>\n<td width=\"47\">4<\/td>\n<td width=\"57\">2\u00ba C<\/td>\n<td width=\"76\">General<\/td>\n<td width=\"57\">Materia<\/td>\n<td width=\"142\">Dr. Alejandro Auat<\/td>\n<\/tr>\n<tr>\n<td width=\"23\">33<\/td>\n<td width=\"209\">Residencia y Sistematizaci\u00f3n de Experiencias: dise\u00f1o, ense\u00f1anza y evaluaci\u00f3n<\/td>\n<td width=\"47\">12<\/td>\n<td width=\"57\">Anual<\/td>\n<td width=\"76\">En la PProf<\/td>\n<td width=\"57\">Taller<\/td>\n<td width=\"142\">Mg. Mar\u00eda Rosa Saad<\/td>\n<\/tr>\n<tr>\n<td width=\"23\">34<\/td>\n<td width=\"209\">Filosof\u00eda Contempor\u00e1nea<\/td>\n<td width=\"47\">4<\/td>\n<td width=\"57\">Anual<\/td>\n<td width=\"76\">Espec\u00edfica<\/td>\n<td width=\"57\">Materia<\/td>\n<td width=\"142\">Prof. Mar\u00eda Eugenia Villalba<\/td>\n<\/tr>\n<tr>\n<td width=\"23\">35<\/td>\n<td width=\"209\">Metaf\u00edsica<\/td>\n<td width=\"47\">4<\/td>\n<td width=\"57\">Anual<\/td>\n<td width=\"76\">Espec\u00edfica<\/td>\n<td width=\"57\">Materia<\/td>\n<td width=\"142\">Prof. Rosario Cosci<\/td>\n<\/tr>\n<tr>\n<td width=\"23\">36<\/td>\n<td width=\"209\">Filosof\u00eda de la Comunicaci\u00f3n y TIC<\/td>\n<td width=\"47\">4<\/td>\n<td width=\"57\">1\u00baC<\/td>\n<td width=\"76\">Espec\u00edfica<\/td>\n<td width=\"57\">Sem Tall<\/td>\n<td width=\"142\">Lic. Javier Costa<\/td>\n<\/tr>\n<tr>\n<td width=\"23\">37<\/td>\n<td width=\"209\">Filosof\u00eda Latinoamericana e intercultural<\/td>\n<td width=\"47\">4<\/td>\n<td width=\"57\">2\u00baC<\/td>\n<td width=\"76\">Espec\u00edfica<\/td>\n<td width=\"57\">Materia<\/td>\n<td width=\"142\">Lic. Mariano Su\u00e1rez Burgos<\/td>\n<\/tr>\n<tr>\n<td width=\"23\">38<\/td>\n<td width=\"209\">EDI<\/td>\n<td width=\"47\">4<\/td>\n<td width=\"57\">Anual<\/td>\n<td width=\"76\">Def. Inst.<\/td>\n<td width=\"57\"><\/td>\n<td width=\"142\">Cr. Luis Guantay<\/td>\n<\/tr>\n<\/tbody>\n<\/table>\n","protected":false},"excerpt":{"rendered":"<p>\u00a0 INSTITUTO SUPERIOR SANTIAGO EL MAYOR Profesorado de Educaci\u00f3n Secundaria en Filosof\u00eda Plan aprobado por Res. Min. 2272\/14 PRIMER A\u00d1O Carga\u00a0Horaria Per\u00edodo\u00a0 de cursado Campo de Formaci\u00f3n Tipo de Unidad DOCENTE A CARGO 1 Pedagog\u00eda 6 1\u00b0 C General Materia Prof. Isabel Vel\u00e1zquez 2 Psicolog\u00eda Educacional 6 2\u00b0 C General Materia Prof. Isabel Vel\u00e1zquez 3 &#8230; <a title=\"Plan de estudios\" class=\"read-more\" href=\"https:\/\/elmayor-sgo.infd.edu.ar\/sitio\/plan-de-estudios\/\" aria-label=\"More on Plan de estudios\">[+]<\/a><\/p>\n","protected":false},"author":147,"featured_media":0,"parent":0,"menu_order":0,"comment_status":"closed","ping_status":"closed","template":"","meta":[],"acf":[],"_links":{"self":[{"href":"https:\/\/elmayor-sgo.infd.edu.ar\/sitio\/wp-json\/wp\/v2\/pages\/754"}],"collection":[{"href":"https:\/\/elmayor-sgo.infd.edu.ar\/sitio\/wp-json\/wp\/v2\/pages"}],"about":[{"href":"https:\/\/elmayor-sgo.infd.edu.ar\/sitio\/wp-json\/wp\/v2\/types\/page"}],"author":[{"embeddable":true,"href":"https:\/\/elmayor-sgo.infd.edu.ar\/sitio\/wp-json\/wp\/v2\/users\/147"}],"replies":[{"embeddable":true,"href":"https:\/\/elmayor-sgo.infd.edu.ar\/sitio\/wp-json\/wp\/v2\/comments?post=754"}],"version-history":[{"count":5,"href":"https:\/\/elmayor-sgo.infd.edu.ar\/sitio\/wp-json\/wp\/v2\/pages\/754\/revisions"}],"predecessor-version":[{"id":923,"href":"https:\/\/elmayor-sgo.infd.edu.ar\/sitio\/wp-json\/wp\/v2\/pages\/754\/revisions\/923"}],"wp:attachment":[{"href":"https:\/\/elmayor-sgo.infd.edu.ar\/sitio\/wp-json\/wp\/v2\/media?parent=754"}],"curies":[{"name":"wp","href":"https:\/\/api.w.org\/{rel}","templated":true}]}}