{"id":758,"date":"2018-06-28T01:54:13","date_gmt":"2018-06-28T04:54:13","guid":{"rendered":"https:\/\/elmayor-sgo.infd.edu.ar\/sitio\/autoridades\/"},"modified":"2022-10-05T11:02:37","modified_gmt":"2022-10-05T14:02:37","slug":"autoridades","status":"publish","type":"page","link":"https:\/\/elmayor-sgo.infd.edu.ar\/sitio\/autoridades\/","title":{"rendered":"Autoridades"},"content":{"rendered":"<p><span style=\"color: #cc6600; font-family: arial, helvetica, sans-serif; font-size: 12pt;\"><strong>Autoridades del Instituto:<\/strong><\/span><\/p>\n<p><span style=\"color: #000000; background-color: #ffffff;\"><strong>Rector: Lic. Ana Gabriela Rodr\u00edguez<\/strong><\/span><\/p>\n<p><span style=\"color: #000000; background-color: #ffffff;\"><strong>Secretaria: Prof. Mar\u00eda Carmona<\/strong><\/span><\/p>\n<p><span style=\"color: #000000; background-color: #ffffff;\"><strong>Prosecretaria: T\u00e9c. Mabel Coronel Mart\u00ednez<\/strong><\/span><\/p>\n<p><strong>Coordinadora Acad\u00e9mica: Prof. Natalia Corval\u00e1n<\/strong><\/p>\n<p><strong>Jefe de Trabajo Pr\u00e1ctico: Prof. Pedro Cantero Hustin<\/strong><\/p>\n<p><strong>Bedel: Mar\u00eda Julia Oller<\/strong><\/p>\n<p><strong>Bibliotecaria: Lic. Patricia Otrera<\/strong><\/p>\n","protected":false},"excerpt":{"rendered":"<p>Autoridades del Instituto: Rector: Lic. Ana Gabriela Rodr\u00edguez Secretaria: Prof. Mar\u00eda Carmona Prosecretaria: T\u00e9c. Mabel Coronel Mart\u00ednez Coordinadora Acad\u00e9mica: Prof. Natalia Corval\u00e1n Jefe de Trabajo Pr\u00e1ctico: Prof. Pedro Cantero Hustin Bedel: Mar\u00eda Julia Oller Bibliotecaria: Lic. Patricia Otrera<\/p>\n","protected":false},"author":147,"featured_media":0,"parent":0,"menu_order":0,"comment_status":"closed","ping_status":"closed","template":"","meta":[],"acf":[],"_links":{"self":[{"href":"https:\/\/elmayor-sgo.infd.edu.ar\/sitio\/wp-json\/wp\/v2\/pages\/758"}],"collection":[{"href":"https:\/\/elmayor-sgo.infd.edu.ar\/sitio\/wp-json\/wp\/v2\/pages"}],"about":[{"href":"https:\/\/elmayor-sgo.infd.edu.ar\/sitio\/wp-json\/wp\/v2\/types\/page"}],"author":[{"embeddable":true,"href":"https:\/\/elmayor-sgo.infd.edu.ar\/sitio\/wp-json\/wp\/v2\/users\/147"}],"replies":[{"embeddable":true,"href":"https:\/\/elmayor-sgo.infd.edu.ar\/sitio\/wp-json\/wp\/v2\/comments?post=758"}],"version-history":[{"count":4,"href":"https:\/\/elmayor-sgo.infd.edu.ar\/sitio\/wp-json\/wp\/v2\/pages\/758\/revisions"}],"predecessor-version":[{"id":925,"href":"https:\/\/elmayor-sgo.infd.edu.ar\/sitio\/wp-json\/wp\/v2\/pages\/758\/revisions\/925"}],"wp:attachment":[{"href":"https:\/\/elmayor-sgo.infd.edu.ar\/sitio\/wp-json\/wp\/v2\/media?parent=758"}],"curies":[{"name":"wp","href":"https:\/\/api.w.org\/{rel}","templated":true}]}}